{"id":17,"date":"2014-01-10T02:06:04","date_gmt":"2014-01-10T02:06:04","guid":{"rendered":"http:\/\/estudiowebonline.com\/portal\/?page_id=17"},"modified":"2019-01-12T07:03:59","modified_gmt":"2019-01-12T10:03:59","slug":"solicitud-de-presupuesto","status":"publish","type":"page","link":"https:\/\/estudiowebonline.com\/portal\/?page_id=17","title":{"rendered":"Solicitud de Presupuesto"},"content":{"rendered":"<div style=\"display:none\" class=\"fm-form-container fm-theme1\"><div id=\"fm-pages7\" class=\"fm-pages wdform_page_navigation \" show_title=\"\" show_numbers=\"1\" type=\"none\"><\/div><form name=\"form7\" action=\"\/portal\/index.php?rest_route=%2Fwp%2Fv2%2Fpages%2F17\" method=\"post\" id=\"form7\" class=\"fm-form form7  \" enctype=\"multipart\/form-data\"><input type=\"hidden\" id=\"fm_page_id7\" value=\"17\" name=\"fm_page_id7\" \/><input type=\"hidden\" id=\"fm_current_post_type7\" value=\"page\" name=\"fm_current_post_type7\" \/><input type=\"hidden\" id=\"counter7\" value=\"9\" name=\"counter7\" \/><input type=\"hidden\" id=\"Itemid7\" value=\"\" name=\"Itemid7\" \/><input type=\"hidden\" id=\"fm_shake7\" value=\"1\" name=\"fm_shake7\" \/><input type=\"text\" class=\"fm-hide\" id=\"fm_empty_field_validation7\" value=\"\" name=\"fm_empty_field_validation7\" data-value=\"bd736efb144d599cf463541431fbf5c4\" \/><div class=\"fm-header-bg\"><div class=\"fm-header \"><div class=\"fm-header-text\">          <div class=\"fm-header-title\">            Solicitud de Presupuesto          <\/div>          <div class=\"fm-header-description\">            <span class=\"tlid-translation translation\"><span class=\"\" title=\"\">Puede ponerse en contacto con nosotros para solicitar un presupuesto rellenando este formulario en cualquier momento que necesite asistencia profesional o si tiene alguna pregunta.<\/span> <span title=\"\">Tambi\u00e9n puede rellenar el formulario para dejar sus comentarios o consultas.<\/span><\/span>          <\/div>        <\/div><\/div><\/div><div class=\"wdform-page-and-images\"><div id=\"7form_view1\" class=\"wdform_page\" page_title=\"Untitled page\" next_title=\"Next\" next_type=\"text\" next_class=\"wdform-page-button\" next_checkable=\"true\" previous_title=\"Previous\" previous_type=\"text\" previous_class=\"wdform-page-button\" previous_checkable=\"false\"><div class=\"wdform_section\"><div class=\"wdform_column\"><div wdid=\"2\" class=\"wdform_row\"><div type=\"type_text\" class=\"wdform-field wd-width-100 wd-flex wd-flex-column fm-type_text\" ><div class=\"wdform-label-section wd-width-100  wd-flex-row wd-align-items-center\">    <label  for=\"wdform_2_element7\" class=\"wdform-label\">Nombre<\/label><span class=\"wdform-required\">*<\/span><\/div><div class=\"wdform-element-section wd-flex  wd-flex-row wd-align-items-center wd-width-100\" ><input type=\"text\"                           class=\"wd-width-100\"                           id=\"wdform_2_element7\"                           name=\"wdform_2_element7\"                           value=\"\"                           data-value=\"\"                           title=\"Ingrese su nombre\"                           placeholder=\"Ingrese su nombre\"                                                       \/><\/div><\/div><\/div><div wdid=\"3\" class=\"wdform_row\"><div type=\"type_submitter_mail\" class=\"wdform-field wd-width-100 wd-flex wd-flex-column fm-type_submitter_mail\" ><div class=\"wdform-label-section wd-width-100  wd-flex-row\">    <label  for=\"wdform_3_element7\" class=\"wdform-label\">E-mail<\/label><span class=\"wdform-required\">*<\/span><\/div><div class=\"wdform-element-section wd-flex  wd-flex-row wd-width-100\" ><input type=\"text\" class=\"wd-width-100\" id=\"wdform_3_element7\" name=\"wdform_3_element7\" data-value=\"\" value=\"\" title=\"Ingrese su E-mail\" placeholder=\"Ingrese su E-mail\"   onchange=\"wd_check_email('3', '7', 'Esto no es una direcci\u00f3n v\u00e1lida de email'); wd_check_confirmation_email('3', '7', 'Las direcciones de correo electr\u00f3nico no coinciden')\" \/><\/div><\/div><div type=\"type_submitter_mail\" class=\"wdform-field wd-width-100 wd-flex wd-flex-column fm-type_submitter_mail\" ><div class=\"wdform-label-section wd-width-100  wd-flex-row\">    <label  for=\"wdform_3_1_element7\" class=\"wdform-label\">Confirme su E-mail<\/label><span class=\"wdform-required\">*<\/span><\/div><div class=\"wdform-element-section wd-flex  wd-flex-row wd-width-100\" ><input type=\"text\" class=\"wd-width-100\" id=\"wdform_3_1_element7\" name=\"wdform_3_1_element7\" placeholder=\"Confirme su E-mail\" title=\"Confirme su E-mail\"   onchange=\"wd_check_confirmation_email('3', '7', 'Las direcciones de correo electr\u00f3nico no coinciden')\" \/><\/div><\/div><\/div><div wdid=\"4\" class=\"wdform_row\"><div type=\"type_text\" class=\"wdform-field wd-width-100 wd-flex wd-flex-column fm-type_text\" ><div class=\"wdform-label-section wd-width-100  wd-flex-row wd-align-items-center\">    <label  for=\"wdform_4_element7\" class=\"wdform-label\">Asunto<\/label><span class=\"wdform-required\">*<\/span><\/div><div class=\"wdform-element-section wd-flex  wd-flex-row wd-align-items-center wd-width-100\" ><input type=\"text\"                           class=\"wd-width-100\"                           id=\"wdform_4_element7\"                           name=\"wdform_4_element7\"                           value=\"\"                           data-value=\"\"                           title=\"Ingrese el asunto\"                           placeholder=\"Ingrese el asunto\"                                                       \/><\/div><\/div><\/div><div wdid=\"6\" class=\"wdform_row\" style=\"position: relative; left: 0px; top: 0px;\"><div type=\"type_text\" class=\"wdform-field wd-width-100 wd-flex wd-flex-column fm-type_text\" ><div class=\"wdform-label-section wd-width-100  wd-flex-row wd-align-items-center\">    <label  for=\"wdform_6_element7\" class=\"wdform-label\">N\u00famero de tel\u00e9fono<\/label><\/div><div class=\"wdform-element-section wd-flex  wd-flex-row wd-align-items-center wd-width-100\" ><input type=\"text\"                           class=\"wd-width-100\"                           id=\"wdform_6_element7\"                           name=\"wdform_6_element7\"                           value=\"\"                           data-value=\"\"                           title=\"Ingrese su n\u00famero de tel\u00e9fono\"                           placeholder=\"Ingrese su n\u00famero de tel\u00e9fono\"                                                       \/><\/div><\/div><\/div><div wdid=\"7\" class=\"wdform_row\" style=\"position: relative; left: 0px; top: 0px;\"><div type=\"type_text\" class=\"wdform-field wd-width-100 wd-flex wd-flex-column fm-type_text\" ><div class=\"wdform-label-section wd-width-100  wd-flex-row wd-align-items-center\">    <label  for=\"wdform_7_element7\" class=\"wdform-label\">URL del Sitio Web o Dominio deseado<\/label><\/div><div class=\"wdform-element-section wd-flex  wd-flex-row wd-align-items-center wd-width-100\" ><input type=\"text\"                           class=\"wd-width-100\"                           id=\"wdform_7_element7\"                           name=\"wdform_7_element7\"                           value=\"\"                           data-value=\"\"                           title=\"Ingrese la URL del Sitio Web o Dominio deseado\"                           placeholder=\"Ingrese la URL del Sitio Web o Dominio deseado\"                                                       \/><\/div><\/div><\/div><div wdid=\"8\" class=\"wdform_row\" style=\"position: relative; left: 0px; top: 0px;\"><div type=\"type_text\" class=\"wdform-field wd-width-100 wd-flex wd-flex-column fm-type_text\" ><div class=\"wdform-label-section wd-width-100  wd-flex-row wd-align-items-center\">    <label  for=\"wdform_8_element7\" class=\"wdform-label\">Nombre de la Compa\u00f1\u00eda<\/label><\/div><div class=\"wdform-element-section wd-flex  wd-flex-row wd-align-items-center wd-width-100\" ><input type=\"text\"                           class=\"wd-width-100\"                           id=\"wdform_8_element7\"                           name=\"wdform_8_element7\"                           value=\"\"                           data-value=\"\"                           title=\"Ingrese el nombre de la compa\u00f1\u00eda\"                           placeholder=\"Ingrese el nombre de la compa\u00f1\u00eda\"                                                       \/><\/div><\/div><\/div><div wdid=\"5\" class=\"wdform_row\"><div type=\"type_textarea\" class=\"wdform-field wd-width-100 wd-flex wd-flex-column fm-type_textarea\" ><div class=\"wdform-label-section wd-width-100 \">    <label  for=\"wdform_5_element7\" class=\"wdform-label\">Mensaje<\/label><span class=\"wdform-required\">*<\/span><\/div><div class=\"wdform-element-section wd-flex  wd-width-100\" ><textarea class=\"wd-width-100\"                      id=\"wdform_5_element7\"                      name=\"wdform_5_element7\"                      placeholder=\"Ingrese su mensaje\"                      data-value=\"\"                      maxlength=\"\"                      style=\"height: 100px;\"                      ><\/textarea><\/div><\/div><\/div><div wdid=\"1\" class=\"wdform_row\"><div type=\"type_submit_reset\" class=\"wdform-field wd-width-100 wd-flex wd-flex-column fm-type_submit_reset\" ><div class=\"wdform-element-section wd-flex  wd-flex-row wd-justify-content-left wd-width-100\" ><button  type=\"button\" class=\"button-submit\" onclick=\"fm_submit_form('7');\"  data-ajax=\"0\"><span class=\"fm-submit-loading spinner fm-ico-spinner\"><\/span>Enviar<\/button><button  type=\"button\" class=\"button-reset \" onclick=\"fm_reset_form(7);\" >Resetear<\/button><\/div><\/div><\/div><\/div><\/div><div valign=\"top\" class=\"wdform_footer wd-width-100\"><div class=\"wd-width-100\"><div class=\"wd-width-100 wd-table\" style=\"padding-top:10px;\"><div class=\"wd-table-group\"><div id=\"7page_nav1\" class=\"wd-table-row\"><\/div><\/div><\/div><\/div><\/div><\/div><\/div><div class=\"wdform_preload\"><\/div><input type=\"hidden\" name=\"fm-current-page\" value=\"https:\/\/estudiowebonline.com\/portal\/index.php?rest_route=%2Fwp%2Fv2%2Fpages%2F17\" \/><\/form><\/div>\n","protected":false},"excerpt":{"rendered":"","protected":false},"author":1,"featured_media":0,"parent":0,"menu_order":0,"comment_status":"open","ping_status":"open","template":"template.fullwidth.php","meta":{"footnotes":""},"class_list":["post-17","page","type-page","status-publish","hentry"],"_links":{"self":[{"href":"https:\/\/estudiowebonline.com\/portal\/index.php?rest_route=\/wp\/v2\/pages\/17","targetHints":{"allow":["GET"]}}],"collection":[{"href":"https:\/\/estudiowebonline.com\/portal\/index.php?rest_route=\/wp\/v2\/pages"}],"about":[{"href":"https:\/\/estudiowebonline.com\/portal\/index.php?rest_route=\/wp\/v2\/types\/page"}],"author":[{"embeddable":true,"href":"https:\/\/estudiowebonline.com\/portal\/index.php?rest_route=\/wp\/v2\/users\/1"}],"replies":[{"embeddable":true,"href":"https:\/\/estudiowebonline.com\/portal\/index.php?rest_route=%2Fwp%2Fv2%2Fcomments&post=17"}],"version-history":[{"count":3,"href":"https:\/\/estudiowebonline.com\/portal\/index.php?rest_route=\/wp\/v2\/pages\/17\/revisions"}],"predecessor-version":[{"id":176,"href":"https:\/\/estudiowebonline.com\/portal\/index.php?rest_route=\/wp\/v2\/pages\/17\/revisions\/176"}],"wp:attachment":[{"href":"https:\/\/estudiowebonline.com\/portal\/index.php?rest_route=%2Fwp%2Fv2%2Fmedia&parent=17"}],"curies":[{"name":"wp","href":"https:\/\/api.w.org\/{rel}","templated":true}]}}